{"id":343,"date":"2017-07-11T13:44:40","date_gmt":"2017-07-11T11:44:40","guid":{"rendered":"http:\/\/www.stichtinghollandspoor.nl\/?page_id=343"},"modified":"2017-07-11T13:44:40","modified_gmt":"2017-07-11T11:44:40","slug":"benelux-hondekop-naar-nederland","status":"publish","type":"page","link":"https:\/\/www.stichtinghollandspoor.nl\/?page_id=343","title":{"rendered":"Benelux Hondekop naar Nederland!"},"content":{"rendered":"<p>Na bijna negen jaar voorbereiding is het dan eindelijk zover: De laatste overgebleven Benelux Hondekop komt naar Nederland!<\/p>\n<p>Waar in Nederland dertig jaar geleden de snijbrander in de acht Benelux Hondekoppen werd gezet, had men in Belgi\u00eb het besef dat het waard was om \u00e9\u00e9n van de vier Belgische stellen voor het nageslacht te bewaren.<\/p>\n<p>Tot een plekje in het Belgische spoorwegmuseum heeft het helaas nooit mogen komen. Daarom besloot de NMBS in 2012 dat het stel voor verkoop aan de Nederlanders in aanmerking zou kunnen komen.<\/p>\n<p>Stichting Holland Spoor nam samen met Qrail de uitdaging aan om in opdracht van Stichting Hondekop een overbrenging naar Nederland aan alle juridische en technische voorwaarden te kunnen laten voldoen.<\/p>\n<p>Vrijdag 14 juli zal het dan zover zijn en komt de 220.902 voor het eerst in 30 jaar weer bij Roosendaal de grens over. In Roosendaal zal zij eerst te gast zijn in de loodsen van SpoorIJzer voor een beurt aan de draaistellen en het remwerk.<\/p>\n<p>Daarna volgt een transport naar Amersfoort voor een cascorevisie.<\/p>\n<p>&nbsp;<\/p>\n<p>In de pers: \u00a0\u00a0http:\/\/www.bndestem.nl\/roosendaal\/spoorfanaten-redden-laatste-benelux-hondekop~ac123eb6\/<\/p>\n<p>&nbsp;<\/p>\n<p><img decoding=\"async\" loading=\"lazy\" class=\"alignnone size-medium wp-image-344\" src=\"http:\/\/www.stichtinghollandspoor.nl\/wp-content\/uploads\/2017\/07\/WP_20151230_10_28_37_Pro-169x300.jpg\" alt=\"\" width=\"169\" height=\"300\" srcset=\"https:\/\/www.stichtinghollandspoor.nl\/wp-content\/uploads\/2017\/07\/WP_20151230_10_28_37_Pro-169x300.jpg 169w, https:\/\/www.stichtinghollandspoor.nl\/wp-content\/uploads\/2017\/07\/WP_20151230_10_28_37_Pro-84x150.jpg 84w, https:\/\/www.stichtinghollandspoor.nl\/wp-content\/uploads\/2017\/07\/WP_20151230_10_28_37_Pro-768x1363.jpg 768w, https:\/\/www.stichtinghollandspoor.nl\/wp-content\/uploads\/2017\/07\/WP_20151230_10_28_37_Pro-577x1024.jpg 577w, https:\/\/www.stichtinghollandspoor.nl\/wp-content\/uploads\/2017\/07\/WP_20151230_10_28_37_Pro-700x1243.jpg 700w, https:\/\/www.stichtinghollandspoor.nl\/wp-content\/uploads\/2017\/07\/WP_20151230_10_28_37_Pro.jpg 1081w\" sizes=\"(max-width: 169px) 100vw, 169px\" \/><img decoding=\"async\" loading=\"lazy\" class=\"size-medium wp-image-346 alignleft\" src=\"http:\/\/www.stichtinghollandspoor.nl\/wp-content\/uploads\/2017\/07\/WP_20151230_09_43_32_Pro-1-300x169.jpg\" alt=\"\" width=\"300\" height=\"169\" srcset=\"https:\/\/www.stichtinghollandspoor.nl\/wp-content\/uploads\/2017\/07\/WP_20151230_09_43_32_Pro-1-300x169.jpg 300w, https:\/\/www.stichtinghollandspoor.nl\/wp-content\/uploads\/2017\/07\/WP_20151230_09_43_32_Pro-1-150x85.jpg 150w, https:\/\/www.stichtinghollandspoor.nl\/wp-content\/uploads\/2017\/07\/WP_20151230_09_43_32_Pro-1-768x433.jpg 768w, https:\/\/www.stichtinghollandspoor.nl\/wp-content\/uploads\/2017\/07\/WP_20151230_09_43_32_Pro-1-1024x577.jpg 1024w, https:\/\/www.stichtinghollandspoor.nl\/wp-content\/uploads\/2017\/07\/WP_20151230_09_43_32_Pro-1-700x394.jpg 700w, https:\/\/www.stichtinghollandspoor.nl\/wp-content\/uploads\/2017\/07\/WP_20151230_09_43_32_Pro-1.jpg 1920w\" sizes=\"(max-width: 300px) 100vw, 300px\" \/><\/p>\n<div class=\"fcbk_share\"><div class=\"fcbk_like\"><fb:like href=\"https:\/\/www.stichtinghollandspoor.nl\/?page_id=343\" action=\"like\" colorscheme=\"light\" layout=\"button_count\"  share=\"false\"><\/fb:like><\/div><\/div>","protected":false},"excerpt":{"rendered":"<p>Na bijna negen jaar voorbereiding is het dan eindelijk zover: De laatste overgebleven Benelux Hondekop komt naar Nederland! Waar in Nederland dertig jaar geleden de snijbrander in de acht Benelux Hondekoppen werd gezet, had men in Belgi\u00eb het besef dat het waard was om \u00e9\u00e9n van de vier Belgische stellen voor het nageslacht te bewaren. [&hellip;]<\/p>\n","protected":false},"author":3,"featured_media":0,"parent":0,"menu_order":0,"comment_status":"closed","ping_status":"closed","template":"","meta":{"footnotes":""},"_links":{"self":[{"href":"https:\/\/www.stichtinghollandspoor.nl\/index.php?rest_route=\/wp\/v2\/pages\/343"}],"collection":[{"href":"https:\/\/www.stichtinghollandspoor.nl\/index.php?rest_route=\/wp\/v2\/pages"}],"about":[{"href":"https:\/\/www.stichtinghollandspoor.nl\/index.php?rest_route=\/wp\/v2\/types\/page"}],"author":[{"embeddable":true,"href":"https:\/\/www.stichtinghollandspoor.nl\/index.php?rest_route=\/wp\/v2\/users\/3"}],"replies":[{"embeddable":true,"href":"https:\/\/www.stichtinghollandspoor.nl\/index.php?rest_route=%2Fwp%2Fv2%2Fcomments&post=343"}],"version-history":[{"count":2,"href":"https:\/\/www.stichtinghollandspoor.nl\/index.php?rest_route=\/wp\/v2\/pages\/343\/revisions"}],"predecessor-version":[{"id":347,"href":"https:\/\/www.stichtinghollandspoor.nl\/index.php?rest_route=\/wp\/v2\/pages\/343\/revisions\/347"}],"wp:attachment":[{"href":"https:\/\/www.stichtinghollandspoor.nl\/index.php?rest_route=%2Fwp%2Fv2%2Fmedia&parent=343"}],"curies":[{"name":"wp","href":"https:\/\/api.w.org\/{rel}","templated":true}]}}